{"id":1248,"date":"2023-06-06T17:17:01","date_gmt":"2023-06-06T15:17:01","guid":{"rendered":"https:\/\/fondation-besse.de-mots.com\/?page_id=1248"},"modified":"2023-07-26T14:31:06","modified_gmt":"2023-07-26T12:31:06","slug":"laureats-off","status":"publish","type":"page","link":"https:\/\/fondation-besse.de-mots.com\/index.php\/laureats-off\/","title":{"rendered":"Laur\u00e9ats-off"},"content":{"rendered":"\t\t<div data-elementor-type=\"wp-page\" data-elementor-id=\"1248\" class=\"elementor elementor-1248\" data-elementor-post-type=\"page\">\n\t\t\t\t\t\t\t\t\t<section class=\"elementor-section elementor-top-section elementor-element elementor-element-d00d795 elementor-section-boxed elementor-section-height-default elementor-section-height-default\" data-id=\"d00d795\" data-element_type=\"section\" data-settings=\"{&quot;background_background&quot;:&quot;classic&quot;}\">\n\t\t\t\t\t\t<div class=\"elementor-container elementor-column-gap-default\">\n\t\t\t\t\t<div class=\"elementor-column elementor-col-100 elementor-top-column elementor-element elementor-element-ec2a24e\" data-id=\"ec2a24e\" data-element_type=\"column\">\n\t\t\t<div class=\"elementor-widget-wrap elementor-element-populated\">\n\t\t\t\t\t\t\t\t<div class=\"elementor-element elementor-element-0747a67 title-section elementor-widget elementor-widget-heading\" data-id=\"0747a67\" data-element_type=\"widget\" data-widget_type=\"heading.default\">\n\t\t\t\t<div class=\"elementor-widget-container\">\n\t\t\t<style>\/*! elementor - v3.14.0 - 26-06-2023 *\/\n.elementor-heading-title{padding:0;margin:0;line-height:1}.elementor-widget-heading .elementor-heading-title[class*=elementor-size-]>a{color:inherit;font-size:inherit;line-height:inherit}.elementor-widget-heading .elementor-heading-title.elementor-size-small{font-size:15px}.elementor-widget-heading .elementor-heading-title.elementor-size-medium{font-size:19px}.elementor-widget-heading .elementor-heading-title.elementor-size-large{font-size:29px}.elementor-widget-heading .elementor-heading-title.elementor-size-xl{font-size:39px}.elementor-widget-heading .elementor-heading-title.elementor-size-xxl{font-size:59px}<\/style><h2 class=\"elementor-heading-title elementor-size-default\">Comment devenir laur\u00e9at de la Fondation Georges Besse ?<\/h2>\t\t<\/div>\n\t\t\t\t<\/div>\n\t\t\t\t<div class=\"elementor-element elementor-element-e5a69a1 elementor-widget elementor-widget-text-editor\" data-id=\"e5a69a1\" data-element_type=\"widget\" data-widget_type=\"text-editor.default\">\n\t\t\t\t<div class=\"elementor-widget-container\">\n\t\t\t<style>\/*! elementor - v3.14.0 - 26-06-2023 *\/\n.elementor-widget-text-editor.elementor-drop-cap-view-stacked .elementor-drop-cap{background-color:#69727d;color:#fff}.elementor-widget-text-editor.elementor-drop-cap-view-framed .elementor-drop-cap{color:#69727d;border:3px solid;background-color:transparent}.elementor-widget-text-editor:not(.elementor-drop-cap-view-default) .elementor-drop-cap{margin-top:8px}.elementor-widget-text-editor:not(.elementor-drop-cap-view-default) .elementor-drop-cap-letter{width:1em;height:1em}.elementor-widget-text-editor .elementor-drop-cap{float:left;text-align:center;line-height:1;font-size:50px}.elementor-widget-text-editor .elementor-drop-cap-letter{display:inline-block}<\/style>\t\t\t\t<p>Chaque ann\u00e9e, la Fondation Georges Besse \u00e9tudie les dossiers qui lui sont soumis par des candidats qui poursuivent <strong>des \u00e9tudes scientifiques dans le but de devenir ing\u00e9nieur<\/strong>.<\/p><p><br \/>Les \u00e9l\u00e9ments demand\u00e9s permettent au Comit\u00e9 de S\u00e9lection d\u2019appr\u00e9cier <strong>l\u2019excellence acad\u00e9mique des candidats<\/strong>, la solidit\u00e9 de leur projet et, d\u2019une mani\u00e8re plus g\u00e9n\u00e9rale, leur personnalit\u00e9.<\/p><p><br \/>Les candidats doivent \u00e9galement donner une vision pr\u00e9cise de leurs besoins financiers. Sur ce chapitre, la Fondation apporte une aide financi\u00e8re et accompagne les laur\u00e9ats s\u00e9lectionn\u00e9s jusqu\u2019\u00e0 l\u2019obtention de leur dipl\u00f4me d\u2019ing\u00e9nieur.<\/p><p><br \/><strong>La Fondation Georges Besse attire cependant l\u2019attention des candidats sur les frais de scolarit\u00e9 \u00e9lev\u00e9s demand\u00e9s par certaines \u00e9coles priv\u00e9es, <span style=\"text-decoration: underline;\">qu\u2019elle ne saurait prendre en charge en totalit\u00e9<\/span>.<\/strong><\/p>\t\t\t\t\t\t<\/div>\n\t\t\t\t<\/div>\n\t\t\t\t<div class=\"elementor-element elementor-element-e8039e1 elementor-align-center elementor-widget elementor-widget-button\" data-id=\"e8039e1\" data-element_type=\"widget\" data-widget_type=\"button.default\">\n\t\t\t\t<div class=\"elementor-widget-container\">\n\t\t\t\t\t<div class=\"elementor-button-wrapper\">\n\t\t\t<a class=\"elementor-button elementor-button-link elementor-size-lg\" href=\"#elementor-action%3Aaction%3Dpopup%3Aopen%26settings%3DeyJpZCI6IjgwMiIsInRvZ2dsZSI6ZmFsc2V9\">\n\t\t\t\t\t\t<span class=\"elementor-button-content-wrapper\">\n\t\t\t\t\t\t<span class=\"elementor-button-icon elementor-align-icon-left\">\n\t\t\t\t<i aria-hidden=\"true\" class=\"fas fa-user-graduate\"><\/i>\t\t\t<\/span>\n\t\t\t\t\t\t<span class=\"elementor-button-text\">D\u00e9couvrez les crit\u00e8res pour \u00eatre laur\u00e9at<\/span>\n\t\t<\/span>\n\t\t\t\t\t<\/a>\n\t\t<\/div>\n\t\t\t\t<\/div>\n\t\t\t\t<\/div>\n\t\t\t\t\t<\/div>\n\t\t<\/div>\n\t\t\t\t\t\t\t<\/div>\n\t\t<\/section>\n\t\t\t\t<section class=\"elementor-section elementor-top-section elementor-element elementor-element-9cb4934 elementor-section-boxed elementor-section-height-default elementor-section-height-default\" data-id=\"9cb4934\" data-element_type=\"section\">\n\t\t\t\t\t\t<div class=\"elementor-container elementor-column-gap-default\">\n\t\t\t\t\t<div class=\"elementor-column elementor-col-100 elementor-top-column elementor-element elementor-element-c91e544\" data-id=\"c91e544\" data-element_type=\"column\">\n\t\t\t<div class=\"elementor-widget-wrap elementor-element-populated\">\n\t\t\t\t\t\t\t\t<div class=\"elementor-element elementor-element-2849c00 elementor-widget elementor-widget-text-editor\" data-id=\"2849c00\" data-element_type=\"widget\" data-widget_type=\"text-editor.default\">\n\t\t\t\t<div class=\"elementor-widget-container\">\n\t\t\t\t\t\t\t<p><strong>La promotion 2023 compte 27 nouveaux laur\u00e9ats!<\/strong><\/p><p><strong>!!!AUCUNE NOUVELLE DEMANDE DE CANDIDATURE POSSIBLE!!!<\/strong><\/p><p>La prochaine campagne de candidatures commencera en janvier 2024 (pour la rentr\u00e9e de septembre)<\/p>\t\t\t\t\t\t<\/div>\n\t\t\t\t<\/div>\n\t\t\t\t\t<\/div>\n\t\t<\/div>\n\t\t\t\t\t\t\t<\/div>\n\t\t<\/section>\n\t\t\t\t<section class=\"elementor-section elementor-top-section elementor-element elementor-element-1ba909c form elementor-section-boxed elementor-section-height-default elementor-section-height-default\" data-id=\"1ba909c\" data-element_type=\"section\" data-settings=\"{&quot;background_background&quot;:&quot;classic&quot;,&quot;animation&quot;:&quot;none&quot;}\">\n\t\t\t\t\t\t<div class=\"elementor-container elementor-column-gap-default\">\n\t\t\t\t\t<div class=\"elementor-column elementor-col-100 elementor-top-column elementor-element elementor-element-49f3c7a form-contact animated-fast elementor-invisible\" data-id=\"49f3c7a\" data-element_type=\"column\" data-settings=\"{&quot;animation&quot;:&quot;fadeInRight&quot;}\">\n\t\t\t<div class=\"elementor-widget-wrap elementor-element-populated\">\n\t\t\t\t\t\t\t\t<div class=\"elementor-element elementor-element-7426944 elementor-align-center elementor-widget elementor-widget-button\" data-id=\"7426944\" data-element_type=\"widget\" data-widget_type=\"button.default\">\n\t\t\t\t<div class=\"elementor-widget-container\">\n\t\t\t\t\t<div class=\"elementor-button-wrapper\">\n\t\t\t<a class=\"elementor-button elementor-button-link elementor-size-xl\" href=\"#\">\n\t\t\t\t\t\t<span class=\"elementor-button-content-wrapper\">\n\t\t\t\t\t\t<span class=\"elementor-button-text\">Nous contacter<\/span>\n\t\t<\/span>\n\t\t\t\t\t<\/a>\n\t\t<\/div>\n\t\t\t\t<\/div>\n\t\t\t\t<\/div>\n\t\t\t\t\t<\/div>\n\t\t<\/div>\n\t\t\t\t\t\t\t<\/div>\n\t\t<\/section>\n\t\t\t\t\t\t\t<\/div>\n\t\t","protected":false},"excerpt":{"rendered":"<p>Comment devenir laur\u00e9at de la Fondation Georges Besse ? Chaque ann\u00e9e, la Fondation Georges Besse \u00e9tudie les dossiers qui lui sont soumis par des candidats qui poursuivent des \u00e9tudes scientifiques dans le but de devenir ing\u00e9nieur. Les \u00e9l\u00e9ments demand\u00e9s permettent au Comit\u00e9 de S\u00e9lection d\u2019appr\u00e9cier l\u2019excellence acad\u00e9mique des candidats, la solidit\u00e9 de leur projet et, [&hellip;]<\/p>\n","protected":false},"author":1,"featured_media":0,"parent":0,"menu_order":0,"comment_status":"closed","ping_status":"closed","template":"","meta":{"footnotes":""},"class_list":["post-1248","page","type-page","status-publish","hentry"],"_links":{"self":[{"href":"https:\/\/fondation-besse.de-mots.com\/index.php\/wp-json\/wp\/v2\/pages\/1248","targetHints":{"allow":["GET"]}}],"collection":[{"href":"https:\/\/fondation-besse.de-mots.com\/index.php\/wp-json\/wp\/v2\/pages"}],"about":[{"href":"https:\/\/fondation-besse.de-mots.com\/index.php\/wp-json\/wp\/v2\/types\/page"}],"author":[{"embeddable":true,"href":"https:\/\/fondation-besse.de-mots.com\/index.php\/wp-json\/wp\/v2\/users\/1"}],"replies":[{"embeddable":true,"href":"https:\/\/fondation-besse.de-mots.com\/index.php\/wp-json\/wp\/v2\/comments?post=1248"}],"version-history":[{"count":16,"href":"https:\/\/fondation-besse.de-mots.com\/index.php\/wp-json\/wp\/v2\/pages\/1248\/revisions"}],"predecessor-version":[{"id":1429,"href":"https:\/\/fondation-besse.de-mots.com\/index.php\/wp-json\/wp\/v2\/pages\/1248\/revisions\/1429"}],"wp:attachment":[{"href":"https:\/\/fondation-besse.de-mots.com\/index.php\/wp-json\/wp\/v2\/media?parent=1248"}],"curies":[{"name":"wp","href":"https:\/\/api.w.org\/{rel}","templated":true}]}}