{"id":13,"date":"2022-08-16T20:43:36","date_gmt":"2022-08-16T18:43:36","guid":{"rendered":"https:\/\/fondation-besse.de-mots.com\/?page_id=13"},"modified":"2023-07-18T10:04:40","modified_gmt":"2023-07-18T08:04:40","slug":"accueil","status":"publish","type":"page","link":"https:\/\/fondation-besse.de-mots.com\/","title":{"rendered":"Accueil"},"content":{"rendered":"\t\t<div data-elementor-type=\"wp-page\" data-elementor-id=\"13\" class=\"elementor elementor-13\" data-elementor-post-type=\"page\">\n\t\t\t\t\t\t\t\t\t<section class=\"elementor-section elementor-top-section elementor-element elementor-element-e03b3a4 elementor-section-full_width header-background elementor-section-height-default elementor-section-height-default\" data-id=\"e03b3a4\" data-element_type=\"section\">\n\t\t\t\t\t\t\t<div class=\"elementor-background-overlay\"><\/div>\n\t\t\t\t\t\t\t<div class=\"elementor-container elementor-column-gap-default\">\n\t\t\t\t\t<div class=\"elementor-column elementor-col-100 elementor-top-column elementor-element elementor-element-6e00941\" data-id=\"6e00941\" data-element_type=\"column\">\n\t\t\t<div class=\"elementor-widget-wrap elementor-element-populated\">\n\t\t\t\t\t\t\t\t<div class=\"elementor-element elementor-element-90d31a3 elementor-widget__width-inherit animated-slow elementor-invisible elementor-widget elementor-widget-image\" data-id=\"90d31a3\" data-element_type=\"widget\" data-settings=\"{&quot;_animation&quot;:&quot;fadeIn&quot;}\" data-widget_type=\"image.default\">\n\t\t\t\t<div class=\"elementor-widget-container\">\n\t\t\t<style>\/*! elementor - v3.14.0 - 26-06-2023 *\/\n.elementor-widget-image{text-align:center}.elementor-widget-image a{display:inline-block}.elementor-widget-image a img[src$=\".svg\"]{width:48px}.elementor-widget-image img{vertical-align:middle;display:inline-block}<\/style>\t\t\t\t\t\t\t\t\t\t\t\t<img loading=\"lazy\" decoding=\"async\" width=\"2517\" height=\"562\" src=\"https:\/\/fondation-besse.de-mots.com\/wp-content\/uploads\/2023\/01\/2021.png\" class=\"attachment-full size-full wp-image-545\" alt=\"\" srcset=\"https:\/\/fondation-besse.de-mots.com\/wp-content\/uploads\/2023\/01\/2021.png 2517w, https:\/\/fondation-besse.de-mots.com\/wp-content\/uploads\/2023\/01\/2021-300x67.png 300w, https:\/\/fondation-besse.de-mots.com\/wp-content\/uploads\/2023\/01\/2021-1024x229.png 1024w, https:\/\/fondation-besse.de-mots.com\/wp-content\/uploads\/2023\/01\/2021-768x171.png 768w, https:\/\/fondation-besse.de-mots.com\/wp-content\/uploads\/2023\/01\/2021-1536x343.png 1536w, https:\/\/fondation-besse.de-mots.com\/wp-content\/uploads\/2023\/01\/2021-2048x457.png 2048w\" sizes=\"auto, (max-width: 2517px) 100vw, 2517px\" \/>\t\t\t\t\t\t\t\t\t\t\t\t\t\t\t<\/div>\n\t\t\t\t<\/div>\n\t\t\t\t\t<\/div>\n\t\t<\/div>\n\t\t\t\t\t\t\t<\/div>\n\t\t<\/section>\n\t\t\t\t<section class=\"elementor-section elementor-top-section elementor-element elementor-element-e5d317a elementor-section-boxed elementor-section-height-default elementor-section-height-default\" data-id=\"e5d317a\" data-element_type=\"section\">\n\t\t\t\t\t\t<div class=\"elementor-container elementor-column-gap-default\">\n\t\t\t\t\t<div class=\"elementor-column elementor-col-100 elementor-top-column elementor-element elementor-element-0d06da8\" data-id=\"0d06da8\" data-element_type=\"column\">\n\t\t\t<div class=\"elementor-widget-wrap elementor-element-populated\">\n\t\t\t\t\t\t\t\t<div class=\"elementor-element elementor-element-3c0db39 elementor-widget elementor-widget-text-editor\" data-id=\"3c0db39\" data-element_type=\"widget\" data-widget_type=\"text-editor.default\">\n\t\t\t\t<div class=\"elementor-widget-container\">\n\t\t\t<style>\/*! elementor - v3.14.0 - 26-06-2023 *\/\n.elementor-widget-text-editor.elementor-drop-cap-view-stacked .elementor-drop-cap{background-color:#69727d;color:#fff}.elementor-widget-text-editor.elementor-drop-cap-view-framed .elementor-drop-cap{color:#69727d;border:3px solid;background-color:transparent}.elementor-widget-text-editor:not(.elementor-drop-cap-view-default) .elementor-drop-cap{margin-top:8px}.elementor-widget-text-editor:not(.elementor-drop-cap-view-default) .elementor-drop-cap-letter{width:1em;height:1em}.elementor-widget-text-editor .elementor-drop-cap{float:left;text-align:center;line-height:1;font-size:50px}.elementor-widget-text-editor .elementor-drop-cap-letter{display:inline-block}<\/style>\t\t\t\t<p class=\"p1\"><span class=\"Apple-converted-space\">\u00a0<\/span><span class=\"s1\">\u00ab <\/span><i>La Fondation Georges Besse soutient des \u00e9l\u00e8ves \u00e0 haut potentiel engag\u00e9s dans des fili\u00e8res scientifiques et scolaris\u00e9s en France, qui souhaitent devenir ing\u00e9nieur malgr\u00e9 leurs difficult\u00e9s mat\u00e9rielles.<span class=\"Apple-converted-space\">\u00a0<\/span><\/i><\/p><p class=\"p2\"><i>Elle apporte \u00e0 ses laur\u00e9ats non seulement un soutien financier pour leurs \u00e9tudes, sous forme de bourses, mais aussi un accompagnement personnel. \u00bb<span class=\"Apple-converted-space\">\u00a0<\/span><\/i><\/p>\t\t\t\t\t\t<\/div>\n\t\t\t\t<\/div>\n\t\t\t\t\t<\/div>\n\t\t<\/div>\n\t\t\t\t\t\t\t<\/div>\n\t\t<\/section>\n\t\t\t\t<section class=\"elementor-section elementor-top-section elementor-element elementor-element-8d4cd7c animated-fast elementor-section-boxed elementor-section-height-default elementor-section-height-default\" data-id=\"8d4cd7c\" data-element_type=\"section\" data-settings=\"{&quot;animation&quot;:&quot;none&quot;}\">\n\t\t\t\t\t\t\t<div class=\"elementor-background-overlay\"><\/div>\n\t\t\t\t\t\t\t<div class=\"elementor-container elementor-column-gap-default\">\n\t\t\t\t\t<div class=\"elementor-column elementor-col-50 elementor-top-column elementor-element elementor-element-5f7ef13 image-home\" data-id=\"5f7ef13\" data-element_type=\"column\">\n\t\t\t<div class=\"elementor-widget-wrap elementor-element-populated\">\n\t\t\t\t\t\t\t\t<div class=\"elementor-element elementor-element-79cba0f elementor-widget__width-inherit elementor-invisible elementor-widget elementor-widget-image\" data-id=\"79cba0f\" data-element_type=\"widget\" data-settings=\"{&quot;_animation&quot;:&quot;slideInLeft&quot;}\" data-widget_type=\"image.default\">\n\t\t\t\t<div class=\"elementor-widget-container\">\n\t\t\t\t\t\t\t\t\t\t\t\t\t\t\t<img loading=\"lazy\" decoding=\"async\" width=\"1500\" height=\"1500\" src=\"https:\/\/fondation-besse.de-mots.com\/wp-content\/uploads\/2023\/01\/claude-imauven.png\" class=\"attachment-full size-full wp-image-547\" alt=\"\" srcset=\"https:\/\/fondation-besse.de-mots.com\/wp-content\/uploads\/2023\/01\/claude-imauven.png 1500w, https:\/\/fondation-besse.de-mots.com\/wp-content\/uploads\/2023\/01\/claude-imauven-300x300.png 300w, https:\/\/fondation-besse.de-mots.com\/wp-content\/uploads\/2023\/01\/claude-imauven-1024x1024.png 1024w, https:\/\/fondation-besse.de-mots.com\/wp-content\/uploads\/2023\/01\/claude-imauven-150x150.png 150w, https:\/\/fondation-besse.de-mots.com\/wp-content\/uploads\/2023\/01\/claude-imauven-768x768.png 768w\" sizes=\"auto, (max-width: 1500px) 100vw, 1500px\" \/>\t\t\t\t\t\t\t\t\t\t\t\t\t\t\t<\/div>\n\t\t\t\t<\/div>\n\t\t\t\t\t<\/div>\n\t\t<\/div>\n\t\t\t\t<div class=\"elementor-column elementor-col-50 elementor-top-column elementor-element elementor-element-f6735aa\" data-id=\"f6735aa\" data-element_type=\"column\">\n\t\t\t<div class=\"elementor-widget-wrap elementor-element-populated\">\n\t\t\t\t\t\t\t\t<div class=\"elementor-element elementor-element-74ee2d2 elementor-widget elementor-widget-text-editor\" data-id=\"74ee2d2\" data-element_type=\"widget\" data-settings=\"{&quot;_animation&quot;:&quot;none&quot;}\" data-widget_type=\"text-editor.default\">\n\t\t\t\t<div class=\"elementor-widget-container\">\n\t\t\t\t\t\t\t<p>\u00ab \u00c0 l\u2019heure o\u00f9 l\u2019insertion des jeunes est un enjeu essentiel pour notre soci\u00e9t\u00e9, la Fondation Georges Besse, par son action en faveur des jeunes scientifiques en difficult\u00e9 mat\u00e9rielle, favorise la formation de haut niveau de futurs ing\u00e9nieurs qui seront les manageurs et dirigeants de demain. Les liens de solidarit\u00e9 tiss\u00e9s entre ses laur\u00e9ats contribuent \u00e0 former un r\u00e9seau f\u00e9d\u00e9rateur et porteur de valeur \u00bb.<\/p><p class=\"p1\"><b>Claude Imauven<br \/><\/b>Pr\u00e9sident de la Fondation Georges Besse<\/p>\t\t\t\t\t\t<\/div>\n\t\t\t\t<\/div>\n\t\t\t\t\t<\/div>\n\t\t<\/div>\n\t\t\t\t\t\t\t<\/div>\n\t\t<\/section>\n\t\t\t\t<section class=\"elementor-section elementor-top-section elementor-element elementor-element-ed9106a elementor-section-boxed elementor-section-height-default elementor-section-height-default\" data-id=\"ed9106a\" data-element_type=\"section\">\n\t\t\t\t\t\t<div class=\"elementor-container elementor-column-gap-default\">\n\t\t\t\t\t<div class=\"elementor-column elementor-col-100 elementor-top-column elementor-element elementor-element-eb12d6c\" data-id=\"eb12d6c\" data-element_type=\"column\">\n\t\t\t<div class=\"elementor-widget-wrap elementor-element-populated\">\n\t\t\t\t\t\t\t\t<div class=\"elementor-element elementor-element-4a3e5f8 elementor-widget elementor-widget-heading\" data-id=\"4a3e5f8\" data-element_type=\"widget\" data-widget_type=\"heading.default\">\n\t\t\t\t<div class=\"elementor-widget-container\">\n\t\t\t<style>\/*! elementor - v3.14.0 - 26-06-2023 *\/\n.elementor-heading-title{padding:0;margin:0;line-height:1}.elementor-widget-heading .elementor-heading-title[class*=elementor-size-]>a{color:inherit;font-size:inherit;line-height:inherit}.elementor-widget-heading .elementor-heading-title.elementor-size-small{font-size:15px}.elementor-widget-heading .elementor-heading-title.elementor-size-medium{font-size:19px}.elementor-widget-heading .elementor-heading-title.elementor-size-large{font-size:29px}.elementor-widget-heading .elementor-heading-title.elementor-size-xl{font-size:39px}.elementor-widget-heading .elementor-heading-title.elementor-size-xxl{font-size:59px}<\/style><h2 class=\"elementor-heading-title elementor-size-default\">Osez l'ambition !<\/h2>\t\t<\/div>\n\t\t\t\t<\/div>\n\t\t\t\t\t<\/div>\n\t\t<\/div>\n\t\t\t\t\t\t\t<\/div>\n\t\t<\/section>\n\t\t\t\t<section class=\"elementor-section elementor-top-section elementor-element elementor-element-91efe69 elementor-section-height-min-height elementor-section-items-top elementor-section-content-top animated-fast elementor-section-boxed elementor-section-height-default elementor-invisible\" data-id=\"91efe69\" data-element_type=\"section\" data-settings=\"{&quot;animation&quot;:&quot;fadeInLeft&quot;}\">\n\t\t\t\t\t\t<div class=\"elementor-container elementor-column-gap-default\">\n\t\t\t\t\t<div class=\"elementor-column elementor-col-25 elementor-top-column elementor-element elementor-element-5782616\" data-id=\"5782616\" data-element_type=\"column\">\n\t\t\t<div class=\"elementor-widget-wrap elementor-element-populated\">\n\t\t\t\t\t\t\t\t<div class=\"elementor-element elementor-element-7edf158 elementor-position-top elementor-vertical-align-top elementor-widget elementor-widget-image-box\" data-id=\"7edf158\" data-element_type=\"widget\" data-widget_type=\"image-box.default\">\n\t\t\t\t<div class=\"elementor-widget-container\">\n\t\t\t<style>\/*! elementor - v3.14.0 - 26-06-2023 *\/\n.elementor-widget-image-box .elementor-image-box-content{width:100%}@media (min-width:768px){.elementor-widget-image-box.elementor-position-left .elementor-image-box-wrapper,.elementor-widget-image-box.elementor-position-right .elementor-image-box-wrapper{display:flex}.elementor-widget-image-box.elementor-position-right .elementor-image-box-wrapper{text-align:right;flex-direction:row-reverse}.elementor-widget-image-box.elementor-position-left .elementor-image-box-wrapper{text-align:left;flex-direction:row}.elementor-widget-image-box.elementor-position-top .elementor-image-box-img{margin:auto}.elementor-widget-image-box.elementor-vertical-align-top .elementor-image-box-wrapper{align-items:flex-start}.elementor-widget-image-box.elementor-vertical-align-middle .elementor-image-box-wrapper{align-items:center}.elementor-widget-image-box.elementor-vertical-align-bottom .elementor-image-box-wrapper{align-items:flex-end}}@media (max-width:767px){.elementor-widget-image-box .elementor-image-box-img{margin-left:auto!important;margin-right:auto!important;margin-bottom:15px}}.elementor-widget-image-box .elementor-image-box-img{display:inline-block}.elementor-widget-image-box .elementor-image-box-title a{color:inherit}.elementor-widget-image-box .elementor-image-box-wrapper{text-align:center}.elementor-widget-image-box .elementor-image-box-description{margin:0}<\/style><div class=\"elementor-image-box-wrapper\"><figure class=\"elementor-image-box-img\"><a href=\"index.php\/qui-sommes-nous\/#GB_section\"><img decoding=\"async\" src=\"https:\/\/fondation-besse.de-mots.com\/wp-content\/uploads\/2023\/01\/icon-home-1b.png\" title=\"icon-home-1b\" alt=\"icon-home-1b\" class=\"elementor-animation-pulse\" loading=\"lazy\" \/><\/a><\/figure><div class=\"elementor-image-box-content\"><h5 class=\"elementor-image-box-title\"><a href=\"index.php\/qui-sommes-nous\/#GB_section\">Qui \u00e9tait Georges Besse&nbsp;?<\/a><\/h5><p class=\"elementor-image-box-description\">D\u00e9couvrez le parcours remarquable d'un homme et d'un chef d'entreprise exemplaire.<\/p><\/div><\/div>\t\t<\/div>\n\t\t\t\t<\/div>\n\t\t\t\t\t<\/div>\n\t\t<\/div>\n\t\t\t\t<div class=\"elementor-column elementor-col-25 elementor-top-column elementor-element elementor-element-f5c0b0c\" data-id=\"f5c0b0c\" data-element_type=\"column\">\n\t\t\t<div class=\"elementor-widget-wrap elementor-element-populated\">\n\t\t\t\t\t\t\t\t<div class=\"elementor-element elementor-element-c3880f6 elementor-widget__width-inherit elementor-position-top elementor-vertical-align-top elementor-widget elementor-widget-image-box\" data-id=\"c3880f6\" data-element_type=\"widget\" data-widget_type=\"image-box.default\">\n\t\t\t\t<div class=\"elementor-widget-container\">\n\t\t\t<div class=\"elementor-image-box-wrapper\"><figure class=\"elementor-image-box-img\"><a href=\"#elementor-action%3Aaction%3Dpopup%3Aopen%26settings%3DeyJpZCI6IjgwMiIsInRvZ2dsZSI6ZmFsc2V9\"><img decoding=\"async\" src=\"https:\/\/fondation-besse.de-mots.com\/wp-content\/uploads\/2022\/09\/icon-home-2.png\" title=\"icon-home-2\" alt=\"icon-home-2\" class=\"elementor-animation-pulse\" loading=\"lazy\" \/><\/a><\/figure><div class=\"elementor-image-box-content\"><h5 class=\"elementor-image-box-title\"><a href=\"#elementor-action%3Aaction%3Dpopup%3Aopen%26settings%3DeyJpZCI6IjgwMiIsInRvZ2dsZSI6ZmFsc2V9\">Crit\u00e8res de s\u00e9lection <\/a><\/h5><p class=\"elementor-image-box-description\">D\u00e9couvrez les conditions et les \u00e9tapes \u00e0 respecter pour b\u00e9n\u00e9ficier de l'appui de la Fondation Georges Besse.<\/p><\/div><\/div>\t\t<\/div>\n\t\t\t\t<\/div>\n\t\t\t\t\t<\/div>\n\t\t<\/div>\n\t\t\t\t<div class=\"elementor-column elementor-col-25 elementor-top-column elementor-element elementor-element-2f11980\" data-id=\"2f11980\" data-element_type=\"column\">\n\t\t\t<div class=\"elementor-widget-wrap elementor-element-populated\">\n\t\t\t\t\t\t\t\t<div class=\"elementor-element elementor-element-8605ec4 elementor-widget__width-inherit elementor-position-top elementor-vertical-align-top elementor-widget elementor-widget-image-box\" data-id=\"8605ec4\" data-element_type=\"widget\" data-widget_type=\"image-box.default\">\n\t\t\t\t<div class=\"elementor-widget-container\">\n\t\t\t<div class=\"elementor-image-box-wrapper\"><figure class=\"elementor-image-box-img\"><a href=\"https:\/\/fondation-besse.de-mots.com\/index.php\/devenir-laureat\/\"><img decoding=\"async\" src=\"https:\/\/fondation-besse.de-mots.com\/wp-content\/uploads\/2023\/01\/icon-home-3.png\" title=\"icon-home-3\" alt=\"icon-home-3\" class=\"elementor-animation-pulse\" loading=\"lazy\" \/><\/a><\/figure><div class=\"elementor-image-box-content\"><h5 class=\"elementor-image-box-title\"><a href=\"https:\/\/fondation-besse.de-mots.com\/index.php\/devenir-laureat\/\">Candidatez<\/a><\/h5><p class=\"elementor-image-box-description\">Vous souhaitez devenir ing\u00e9nieur&nbsp;?<br>La Fondation Georges Besse vous accompagne dans votre projet.<\/p><\/div><\/div>\t\t<\/div>\n\t\t\t\t<\/div>\n\t\t\t\t\t<\/div>\n\t\t<\/div>\n\t\t\t\t<div class=\"elementor-column elementor-col-25 elementor-top-column elementor-element elementor-element-5ce499d\" data-id=\"5ce499d\" data-element_type=\"column\">\n\t\t\t<div class=\"elementor-widget-wrap elementor-element-populated\">\n\t\t\t\t\t\t\t\t<div class=\"elementor-element elementor-element-5810a90 elementor-position-top elementor-vertical-align-top elementor-widget elementor-widget-image-box\" data-id=\"5810a90\" data-element_type=\"widget\" data-widget_type=\"image-box.default\">\n\t\t\t\t<div class=\"elementor-widget-container\">\n\t\t\t<div class=\"elementor-image-box-wrapper\"><figure class=\"elementor-image-box-img\"><a href=\"https:\/\/dons.fondationdefrance.org\/GEORGES_BESSE\/~mon-don?_cv=1\" target=\"_blank\"><img decoding=\"async\" src=\"https:\/\/fondation-besse.de-mots.com\/wp-content\/uploads\/2022\/09\/icon-home-4.png\" title=\"icon-home-4\" alt=\"icon-home-4\" class=\"elementor-animation-pulse\" loading=\"lazy\" \/><\/a><\/figure><div class=\"elementor-image-box-content\"><h5 class=\"elementor-image-box-title\"><a href=\"https:\/\/dons.fondationdefrance.org\/GEORGES_BESSE\/~mon-don?_cv=1\" target=\"_blank\">Faire un don<\/a><\/h5><p class=\"elementor-image-box-description\">Votre aide permet \u00e0 la Fondation de poursuivre sa mission aupr\u00e8s des tr\u00e8s bons \u00e9l\u00e8ves scientifiques confront\u00e9s \u00e0 des difficult\u00e9s mat\u00e9rielles.<\/p><\/div><\/div>\t\t<\/div>\n\t\t\t\t<\/div>\n\t\t\t\t\t<\/div>\n\t\t<\/div>\n\t\t\t\t\t\t\t<\/div>\n\t\t<\/section>\n\t\t\t\t<section class=\"elementor-section elementor-top-section elementor-element elementor-element-21384ad form elementor-section-boxed elementor-section-height-default elementor-section-height-default\" data-id=\"21384ad\" data-element_type=\"section\" data-settings=\"{&quot;background_background&quot;:&quot;classic&quot;,&quot;animation&quot;:&quot;none&quot;}\">\n\t\t\t\t\t\t<div class=\"elementor-container elementor-column-gap-default\">\n\t\t\t\t\t<div class=\"elementor-column elementor-col-100 elementor-top-column elementor-element elementor-element-b436dfc form-contact animated-fast elementor-invisible\" data-id=\"b436dfc\" data-element_type=\"column\" data-settings=\"{&quot;animation&quot;:&quot;fadeInRight&quot;}\">\n\t\t\t<div class=\"elementor-widget-wrap elementor-element-populated\">\n\t\t\t\t\t\t\t\t<div class=\"elementor-element elementor-element-8045ad5 elementor-align-center elementor-widget elementor-widget-button\" data-id=\"8045ad5\" data-element_type=\"widget\" data-widget_type=\"button.default\">\n\t\t\t\t<div class=\"elementor-widget-container\">\n\t\t\t\t\t<div class=\"elementor-button-wrapper\">\n\t\t\t<a class=\"elementor-button elementor-button-link elementor-size-xl\" href=\"mailto:secretariat@fondationbesse.com\">\n\t\t\t\t\t\t<span class=\"elementor-button-content-wrapper\">\n\t\t\t\t\t\t<span class=\"elementor-button-text\">Nous contacter<\/span>\n\t\t<\/span>\n\t\t\t\t\t<\/a>\n\t\t<\/div>\n\t\t\t\t<\/div>\n\t\t\t\t<\/div>\n\t\t\t\t\t<\/div>\n\t\t<\/div>\n\t\t\t\t\t\t\t<\/div>\n\t\t<\/section>\n\t\t\t\t\t\t\t<\/div>\n\t\t","protected":false},"excerpt":{"rendered":"<p>\u00a0\u00ab La Fondation Georges Besse soutient des \u00e9l\u00e8ves \u00e0 haut potentiel engag\u00e9s dans des fili\u00e8res scientifiques et scolaris\u00e9s en France, qui souhaitent devenir ing\u00e9nieur malgr\u00e9 leurs difficult\u00e9s mat\u00e9rielles.\u00a0 Elle apporte \u00e0 ses laur\u00e9ats non seulement un soutien financier pour leurs \u00e9tudes, sous forme de bourses, mais aussi un accompagnement personnel. \u00bb\u00a0 \u00ab \u00c0 l\u2019heure o\u00f9 [&hellip;]<\/p>\n","protected":false},"author":1,"featured_media":0,"parent":0,"menu_order":0,"comment_status":"closed","ping_status":"closed","template":"elementor_header_footer","meta":{"footnotes":""},"class_list":["post-13","page","type-page","status-publish","hentry"],"_links":{"self":[{"href":"https:\/\/fondation-besse.de-mots.com\/index.php\/wp-json\/wp\/v2\/pages\/13","targetHints":{"allow":["GET"]}}],"collection":[{"href":"https:\/\/fondation-besse.de-mots.com\/index.php\/wp-json\/wp\/v2\/pages"}],"about":[{"href":"https:\/\/fondation-besse.de-mots.com\/index.php\/wp-json\/wp\/v2\/types\/page"}],"author":[{"embeddable":true,"href":"https:\/\/fondation-besse.de-mots.com\/index.php\/wp-json\/wp\/v2\/users\/1"}],"replies":[{"embeddable":true,"href":"https:\/\/fondation-besse.de-mots.com\/index.php\/wp-json\/wp\/v2\/comments?post=13"}],"version-history":[{"count":237,"href":"https:\/\/fondation-besse.de-mots.com\/index.php\/wp-json\/wp\/v2\/pages\/13\/revisions"}],"predecessor-version":[{"id":1408,"href":"https:\/\/fondation-besse.de-mots.com\/index.php\/wp-json\/wp\/v2\/pages\/13\/revisions\/1408"}],"wp:attachment":[{"href":"https:\/\/fondation-besse.de-mots.com\/index.php\/wp-json\/wp\/v2\/media?parent=13"}],"curies":[{"name":"wp","href":"https:\/\/api.w.org\/{rel}","templated":true}]}}