{"id":22,"date":"2022-08-16T20:46:41","date_gmt":"2022-08-16T18:46:41","guid":{"rendered":"https:\/\/fondation-besse.de-mots.com\/?page_id=22"},"modified":"2023-06-16T11:13:57","modified_gmt":"2023-06-16T09:13:57","slug":"ressources","status":"publish","type":"page","link":"https:\/\/fondation-besse.de-mots.com\/index.php\/ressources\/","title":{"rendered":"Ressources"},"content":{"rendered":"\t\t<div data-elementor-type=\"wp-page\" data-elementor-id=\"22\" class=\"elementor elementor-22\" data-elementor-post-type=\"page\">\n\t\t\t\t\t\t\t\t\t<section class=\"elementor-section elementor-top-section elementor-element elementor-element-50af80a elementor-section-boxed elementor-section-height-default elementor-section-height-default\" data-id=\"50af80a\" data-element_type=\"section\">\n\t\t\t\t\t\t<div class=\"elementor-container elementor-column-gap-default\">\n\t\t\t\t\t<div class=\"elementor-column elementor-col-100 elementor-top-column elementor-element elementor-element-75d455b\" data-id=\"75d455b\" data-element_type=\"column\">\n\t\t\t<div class=\"elementor-widget-wrap elementor-element-populated\">\n\t\t\t\t\t\t\t\t<div class=\"elementor-element elementor-element-4b49038 title-section elementor-widget elementor-widget-global elementor-global-238 elementor-widget-heading\" data-id=\"4b49038\" data-element_type=\"widget\" data-widget_type=\"heading.default\">\n\t\t\t\t<div class=\"elementor-widget-container\">\n\t\t\t<style>\/*! elementor - v3.14.0 - 26-06-2023 *\/\n.elementor-heading-title{padding:0;margin:0;line-height:1}.elementor-widget-heading .elementor-heading-title[class*=elementor-size-]>a{color:inherit;font-size:inherit;line-height:inherit}.elementor-widget-heading .elementor-heading-title.elementor-size-small{font-size:15px}.elementor-widget-heading .elementor-heading-title.elementor-size-medium{font-size:19px}.elementor-widget-heading .elementor-heading-title.elementor-size-large{font-size:29px}.elementor-widget-heading .elementor-heading-title.elementor-size-xl{font-size:39px}.elementor-widget-heading .elementor-heading-title.elementor-size-xxl{font-size:59px}<\/style><h2 class=\"elementor-heading-title elementor-size-default\">Nos partenaires<\/h2>\t\t<\/div>\n\t\t\t\t<\/div>\n\t\t\t\t\t<\/div>\n\t\t<\/div>\n\t\t\t\t\t\t\t<\/div>\n\t\t<\/section>\n\t\t\t\t<section class=\"elementor-section elementor-top-section elementor-element elementor-element-db8030e elementor-section-boxed elementor-section-height-default elementor-section-height-default\" data-id=\"db8030e\" data-element_type=\"section\">\n\t\t\t\t\t\t<div class=\"elementor-container elementor-column-gap-default\">\n\t\t\t\t\t<div class=\"elementor-column elementor-col-100 elementor-top-column elementor-element elementor-element-0a9e513\" data-id=\"0a9e513\" data-element_type=\"column\">\n\t\t\t<div class=\"elementor-widget-wrap elementor-element-populated\">\n\t\t\t\t\t\t\t\t<div class=\"elementor-element elementor-element-1636ed8 elementor-position-left elementor-vertical-align-top elementor-widget elementor-widget-image-box\" data-id=\"1636ed8\" data-element_type=\"widget\" data-widget_type=\"image-box.default\">\n\t\t\t\t<div class=\"elementor-widget-container\">\n\t\t\t<style>\/*! elementor - v3.14.0 - 26-06-2023 *\/\n.elementor-widget-image-box .elementor-image-box-content{width:100%}@media (min-width:768px){.elementor-widget-image-box.elementor-position-left .elementor-image-box-wrapper,.elementor-widget-image-box.elementor-position-right .elementor-image-box-wrapper{display:flex}.elementor-widget-image-box.elementor-position-right .elementor-image-box-wrapper{text-align:right;flex-direction:row-reverse}.elementor-widget-image-box.elementor-position-left .elementor-image-box-wrapper{text-align:left;flex-direction:row}.elementor-widget-image-box.elementor-position-top .elementor-image-box-img{margin:auto}.elementor-widget-image-box.elementor-vertical-align-top .elementor-image-box-wrapper{align-items:flex-start}.elementor-widget-image-box.elementor-vertical-align-middle .elementor-image-box-wrapper{align-items:center}.elementor-widget-image-box.elementor-vertical-align-bottom .elementor-image-box-wrapper{align-items:flex-end}}@media (max-width:767px){.elementor-widget-image-box .elementor-image-box-img{margin-left:auto!important;margin-right:auto!important;margin-bottom:15px}}.elementor-widget-image-box .elementor-image-box-img{display:inline-block}.elementor-widget-image-box .elementor-image-box-title a{color:inherit}.elementor-widget-image-box .elementor-image-box-wrapper{text-align:center}.elementor-widget-image-box .elementor-image-box-description{margin:0}<\/style><div class=\"elementor-image-box-wrapper\"><div class=\"elementor-image-box-content\"><h3 class=\"elementor-image-box-title\"><a href=\"https:\/\/www.cea.fr\/\">CEA, repr\u00e9sent\u00e9 par Fran\u00e7ois JACQ - Administrateur G\u00e9n\u00e9ral<\/a><\/h3><p class=\"elementor-image-box-description\">\u00ab Pour le CEA, participer \u00e0 l\u2019activit\u00e9 de la Fondation Georges Besse contribue \u00e0 faire vivre le souvenir d\u2019un homme d\u2019exception, qui incarne un parcours d\u2019excellence au service du pays, et de sa souverainet\u00e9 politique et industrielle. Quel plus bel hommage et quelle fiert\u00e9 pour nous de permettre aujourd\u2019hui \u00e0 des \u00e9tudiants d\u2019accomplir leur r\u00eave, de les accompagner pour construire la soci\u00e9t\u00e9 de demain, multiple, inclusive, au service des autres, et faire ainsi rayonner notre savoir-faire.  \u00bb\n<\/p><\/div><\/div>\t\t<\/div>\n\t\t\t\t<\/div>\n\t\t\t\t\t<\/div>\n\t\t<\/div>\n\t\t\t\t\t\t\t<\/div>\n\t\t<\/section>\n\t\t\t\t<section class=\"elementor-section elementor-top-section elementor-element elementor-element-0b956be elementor-section-boxed elementor-section-height-default elementor-section-height-default\" data-id=\"0b956be\" data-element_type=\"section\">\n\t\t\t\t\t\t<div class=\"elementor-container elementor-column-gap-default\">\n\t\t\t\t\t<div class=\"elementor-column elementor-col-100 elementor-top-column elementor-element elementor-element-c8c992b\" data-id=\"c8c992b\" data-element_type=\"column\">\n\t\t\t<div class=\"elementor-widget-wrap elementor-element-populated\">\n\t\t\t\t\t\t\t\t<div class=\"elementor-element elementor-element-307c0fe elementor-position-left elementor-vertical-align-top elementor-widget elementor-widget-image-box\" data-id=\"307c0fe\" data-element_type=\"widget\" data-widget_type=\"image-box.default\">\n\t\t\t\t<div class=\"elementor-widget-container\">\n\t\t\t<div class=\"elementor-image-box-wrapper\"><div class=\"elementor-image-box-content\"><h3 class=\"elementor-image-box-title\"><a href=\"https:\/\/www.essilorluxottica.com\/fr\">EssilorLuxottica, repr\u00e9sent\u00e9 par Juliette FAVRE - Director Strategic Project<\/a><\/h3><p class=\"elementor-image-box-description\">\u00ab La soif d'apprendre, l'envie de progresser et la passion pour l'innovation et l'excellence, sont particuli\u00e8rement encourag\u00e9es chez EssilorLuxottica. C'est pourquoi nous sommes fiers de contribuer \u00e0 soutenir de jeunes talents pour les aider \u00e0 r\u00e9ussir leurs \u00e9tudes scientifiques et de les encourager \u00e0 se d\u00e9velopper pour r\u00e9aliser leur plein potentiel. Personnellement guid\u00e9e par ces valeurs, et marraine de nombreux \u00e9tudiants, je suis heureuse de pouvoir accompagner la Fondation dans sa mission \u00bb\n<\/p><\/div><\/div>\t\t<\/div>\n\t\t\t\t<\/div>\n\t\t\t\t\t<\/div>\n\t\t<\/div>\n\t\t\t\t\t\t\t<\/div>\n\t\t<\/section>\n\t\t\t\t<section class=\"elementor-section elementor-top-section elementor-element elementor-element-beaf3c9 elementor-section-boxed elementor-section-height-default elementor-section-height-default\" data-id=\"beaf3c9\" data-element_type=\"section\">\n\t\t\t\t\t\t<div class=\"elementor-container elementor-column-gap-default\">\n\t\t\t\t\t<div class=\"elementor-column elementor-col-100 elementor-top-column elementor-element elementor-element-0bad9dc\" data-id=\"0bad9dc\" data-element_type=\"column\">\n\t\t\t<div class=\"elementor-widget-wrap elementor-element-populated\">\n\t\t\t\t\t\t\t\t<div class=\"elementor-element elementor-element-e385c8a elementor-position-left elementor-vertical-align-top elementor-widget elementor-widget-image-box\" data-id=\"e385c8a\" data-element_type=\"widget\" data-widget_type=\"image-box.default\">\n\t\t\t\t<div class=\"elementor-widget-container\">\n\t\t\t<div class=\"elementor-image-box-wrapper\"><div class=\"elementor-image-box-content\"><h3 class=\"elementor-image-box-title\"><a href=\"https:\/\/www.fondationdefrance.org\/fr\/annuaire-des-fondations\/fondation-le-lous\">Fondation Le Lous, repr\u00e9sent\u00e9e par Guirec Le Lous - Pr\u00e9sident Urgo Medical et UrgoTech<\/a><\/h3><p class=\"elementor-image-box-description\">\u00ab La mission de la fondation me touche \u00e9norm\u00e9ment et c\u2019est la raison pour laquelle je prends beaucoup plaisir \u00e0 y contribuer.  \u00bb\n<\/p><\/div><\/div>\t\t<\/div>\n\t\t\t\t<\/div>\n\t\t\t\t\t<\/div>\n\t\t<\/div>\n\t\t\t\t\t\t\t<\/div>\n\t\t<\/section>\n\t\t\t\t<section class=\"elementor-section elementor-top-section elementor-element elementor-element-222759d elementor-section-boxed elementor-section-height-default elementor-section-height-default\" data-id=\"222759d\" data-element_type=\"section\">\n\t\t\t\t\t\t<div class=\"elementor-container elementor-column-gap-default\">\n\t\t\t\t\t<div class=\"elementor-column elementor-col-100 elementor-top-column elementor-element elementor-element-5d4a6ea\" data-id=\"5d4a6ea\" data-element_type=\"column\">\n\t\t\t<div class=\"elementor-widget-wrap elementor-element-populated\">\n\t\t\t\t\t\t\t\t<div class=\"elementor-element elementor-element-31e52c9 elementor-position-left elementor-vertical-align-top elementor-widget elementor-widget-image-box\" data-id=\"31e52c9\" data-element_type=\"widget\" data-widget_type=\"image-box.default\">\n\t\t\t\t<div class=\"elementor-widget-container\">\n\t\t\t<div class=\"elementor-image-box-wrapper\"><div class=\"elementor-image-box-content\"><h3 class=\"elementor-image-box-title\"><a href=\"https:\/\/www.renaultgroup.com\/groupe\/la-fondation-renault\/\">Groupe Renault, repr\u00e9sent\u00e9 par Catherine GROS - Directrice de la Communication, des Affaires Publiques, de l'Impact Social et Durable<\/a><\/h3><p class=\"elementor-image-box-description\">\u00ab L\u2019implication de la Fondation Renault Group dans la Fondation Georges Besse est une \u00e9vidence. \nNous partageons la m\u00eame conviction que l\u2019avenir de beaucoup de nos jeunes talents passe par les m\u00e9tiers scientifiques au sens noble du terme.  L\u2019accompagnement propos\u00e9 par la Fondation Georges Besse est une chance de la vie, que notre jeunesse m\u00e9rite. \n\u00bb<\/p><\/div><\/div>\t\t<\/div>\n\t\t\t\t<\/div>\n\t\t\t\t\t<\/div>\n\t\t<\/div>\n\t\t\t\t\t\t\t<\/div>\n\t\t<\/section>\n\t\t\t\t<section class=\"elementor-section elementor-top-section elementor-element elementor-element-d00e68b elementor-section-boxed elementor-section-height-default elementor-section-height-default\" data-id=\"d00e68b\" data-element_type=\"section\">\n\t\t\t\t\t\t<div class=\"elementor-container elementor-column-gap-default\">\n\t\t\t\t\t<div class=\"elementor-column elementor-col-100 elementor-top-column elementor-element elementor-element-934168a\" data-id=\"934168a\" data-element_type=\"column\">\n\t\t\t<div class=\"elementor-widget-wrap elementor-element-populated\">\n\t\t\t\t\t\t\t\t<div class=\"elementor-element elementor-element-32d8b6e elementor-position-left elementor-vertical-align-top elementor-widget elementor-widget-image-box\" data-id=\"32d8b6e\" data-element_type=\"widget\" data-widget_type=\"image-box.default\">\n\t\t\t\t<div class=\"elementor-widget-container\">\n\t\t\t<div class=\"elementor-image-box-wrapper\"><div class=\"elementor-image-box-content\"><h3 class=\"elementor-image-box-title\"><a href=\"https:\/\/www.orano.group\/fr\">Orano, repr\u00e9sent\u00e9 par Jacques PEYTHIEU - Directeur Clients et Strat\u00e9gie<\/a><\/h3><p class=\"elementor-image-box-description\">\u00ab Orano est l\u2019un des membres fondateurs de la Fondation Georges Besse, qui depuis plus de 35 ans accompagne des jeunes \u00e0 haut potentiel dans des fili\u00e8res scientifiques. Avec la fondation, nous partageons les m\u00eames valeurs : la promotion de la science en vue d\u2019applications industrielles, l\u2019engagement pour la soci\u00e9t\u00e9, l\u2019\u00e9galit\u00e9 des chances par le m\u00e9rite. La Fondation Georges Besse \u0153uvre pour le bien commun, nous sommes fiers d\u2019y participer. \u00bb<\/p><\/div><\/div>\t\t<\/div>\n\t\t\t\t<\/div>\n\t\t\t\t\t<\/div>\n\t\t<\/div>\n\t\t\t\t\t\t\t<\/div>\n\t\t<\/section>\n\t\t\t\t<section class=\"elementor-section elementor-top-section elementor-element elementor-element-a037808 elementor-section-boxed elementor-section-height-default elementor-section-height-default\" data-id=\"a037808\" data-element_type=\"section\">\n\t\t\t\t\t\t<div class=\"elementor-container elementor-column-gap-default\">\n\t\t\t\t\t<div class=\"elementor-column elementor-col-100 elementor-top-column elementor-element elementor-element-752798a\" data-id=\"752798a\" data-element_type=\"column\">\n\t\t\t<div class=\"elementor-widget-wrap elementor-element-populated\">\n\t\t\t\t\t\t\t\t<div class=\"elementor-element elementor-element-92770da elementor-position-left elementor-vertical-align-top elementor-widget elementor-widget-image-box\" data-id=\"92770da\" data-element_type=\"widget\" data-widget_type=\"image-box.default\">\n\t\t\t\t<div class=\"elementor-widget-container\">\n\t\t\t<div class=\"elementor-image-box-wrapper\"><div class=\"elementor-image-box-content\"><h3 class=\"elementor-image-box-title\"><a href=\"https:\/\/www.publicisgroupe.com\/fr\">Publicis Groupe, repr\u00e9sent\u00e9 par Sylvie Ouzel - Directrice G\u00e9n\u00e9rale des Plateformes Partag\u00e9es<\/a><\/h3><p class=\"elementor-image-box-description\">\u00ab Le Groupe Publicis et moi-m\u00eame sommes heureux et honor\u00e9s de pouvoir soutenir la Fondation Georges Besse, et ceci \u00e0 plusieurs titres. Tout d\u2019abord perp\u00e9tuer la m\u00e9moire d\u2019un dirigeant de premier plan qui a \u0153uvr\u00e9 toute sa vie au d\u00e9veloppement et au succ\u00e8s du tissu industriel Fran\u00e7ais. Ensuite, initier de belles carri\u00e8res d\u2019ing\u00e9nieurs en accompagnant de jeunes \u00e9tudiants sur la voie des sciences et des m\u00e9tiers de l\u2019industrie. \u00bb\n\n<\/p><\/div><\/div>\t\t<\/div>\n\t\t\t\t<\/div>\n\t\t\t\t\t<\/div>\n\t\t<\/div>\n\t\t\t\t\t\t\t<\/div>\n\t\t<\/section>\n\t\t\t\t<section class=\"elementor-section elementor-top-section elementor-element elementor-element-bc2250a elementor-section-boxed elementor-section-height-default elementor-section-height-default\" data-id=\"bc2250a\" data-element_type=\"section\">\n\t\t\t\t\t\t<div class=\"elementor-container elementor-column-gap-default\">\n\t\t\t\t\t<div class=\"elementor-column elementor-col-100 elementor-top-column elementor-element elementor-element-809e956\" data-id=\"809e956\" data-element_type=\"column\">\n\t\t\t<div class=\"elementor-widget-wrap elementor-element-populated\">\n\t\t\t\t\t\t\t\t<div class=\"elementor-element elementor-element-87c1c17 elementor-position-left elementor-vertical-align-top elementor-widget elementor-widget-image-box\" data-id=\"87c1c17\" data-element_type=\"widget\" data-widget_type=\"image-box.default\">\n\t\t\t\t<div class=\"elementor-widget-container\">\n\t\t\t<div class=\"elementor-image-box-wrapper\"><div class=\"elementor-image-box-content\"><h3 class=\"elementor-image-box-title\"><a href=\"https:\/\/www.riotinto.com\/\">Rio Tinto, repr\u00e9sent\u00e9 par Philippe FERRI\u00c9 - Pr\u00e9sident Rio Tinto France<\/a><\/h3><p class=\"elementor-image-box-description\">\u00ab S\u2019il devait y avoir une d\u00e9monstration que, d\u2019une certaine mani\u00e8re, \u00ab les forces de l\u2019esprit \u00bb peuvent influer sur la condition humaine, le travail r\u00e9alis\u00e9 par toute l\u2019\u00e9quipe de la Fondation George Besse, pour perdurer les valeurs et l\u2019\u00e9nergie qu\u2019il incarnait, en est une remarquable illustration. \nLa solidarit\u00e9 entre g\u00e9n\u00e9rations des laur\u00e9ats, mais aussi l\u2019engagement de chacun dans son domaine, \u00e0 apporter sa contribution pour faire de ce monde quelque chose de meilleur, doit \u00eatre soulign\u00e9. C\u2019est pour cela qu\u2019il m\u2019a paru essentiel de renforcer dans la dur\u00e9e le partenariat entre Rio Tinto France et la Fondation Georges Besse et ainsi, modestement, apporter soutien \u00e0 l\u2019\u00e9quipe p\u00e9dagogique et administrative de la fondation pour le travail admirable qu\u2019elle fait depuis de nombreuses ann\u00e9es.\n\u00bb\n<\/p><\/div><\/div>\t\t<\/div>\n\t\t\t\t<\/div>\n\t\t\t\t\t<\/div>\n\t\t<\/div>\n\t\t\t\t\t\t\t<\/div>\n\t\t<\/section>\n\t\t\t\t<section class=\"elementor-section elementor-top-section elementor-element elementor-element-c238eec elementor-section-boxed elementor-section-height-default elementor-section-height-default\" data-id=\"c238eec\" data-element_type=\"section\">\n\t\t\t\t\t\t<div class=\"elementor-container elementor-column-gap-default\">\n\t\t\t\t\t<div class=\"elementor-column elementor-col-100 elementor-top-column elementor-element elementor-element-956ebb1\" data-id=\"956ebb1\" data-element_type=\"column\">\n\t\t\t<div class=\"elementor-widget-wrap elementor-element-populated\">\n\t\t\t\t\t\t\t\t\t<\/div>\n\t\t<\/div>\n\t\t\t\t\t\t\t<\/div>\n\t\t<\/section>\n\t\t\t\t<section class=\"elementor-section elementor-top-section elementor-element elementor-element-8b752b0 elementor-section-full_width elementor-section-height-default elementor-section-height-default\" data-id=\"8b752b0\" data-element_type=\"section\" data-settings=\"{&quot;background_background&quot;:&quot;classic&quot;,&quot;animation&quot;:&quot;none&quot;}\">\n\t\t\t\t\t\t<div class=\"elementor-container elementor-column-gap-default\">\n\t\t\t\t\t<div class=\"elementor-column elementor-col-100 elementor-top-column elementor-element elementor-element-33918900 form-3 animated-fast elementor-invisible\" data-id=\"33918900\" data-element_type=\"column\" data-settings=\"{&quot;animation&quot;:&quot;fadeInRight&quot;}\">\n\t\t\t<div class=\"elementor-widget-wrap elementor-element-populated\">\n\t\t\t\t\t\t\t\t<div class=\"elementor-element elementor-element-67bbbf9b elementor-align-center elementor-widget elementor-widget-button\" data-id=\"67bbbf9b\" data-element_type=\"widget\" data-widget_type=\"button.default\">\n\t\t\t\t<div class=\"elementor-widget-container\">\n\t\t\t\t\t<div class=\"elementor-button-wrapper\">\n\t\t\t<a class=\"elementor-button elementor-button-link elementor-size-xl\" href=\"#\">\n\t\t\t\t\t\t<span class=\"elementor-button-content-wrapper\">\n\t\t\t\t\t\t<span class=\"elementor-button-text\">Nous contacter<\/span>\n\t\t<\/span>\n\t\t\t\t\t<\/a>\n\t\t<\/div>\n\t\t\t\t<\/div>\n\t\t\t\t<\/div>\n\t\t\t\t\t<\/div>\n\t\t<\/div>\n\t\t\t\t\t\t\t<\/div>\n\t\t<\/section>\n\t\t\t\t\t\t\t<\/div>\n\t\t","protected":false},"excerpt":{"rendered":"<p>Nos partenaires CEA, repr\u00e9sent\u00e9 par Fran\u00e7ois JACQ &#8211; Administrateur G\u00e9n\u00e9ral \u00ab Pour le CEA, participer \u00e0 l\u2019activit\u00e9 de la Fondation Georges Besse contribue \u00e0 faire vivre le souvenir d\u2019un homme d\u2019exception, qui incarne un parcours d\u2019excellence au service du pays, et de sa souverainet\u00e9 politique et industrielle. Quel plus bel hommage et quelle fiert\u00e9 pour [&hellip;]<\/p>\n","protected":false},"author":1,"featured_media":0,"parent":0,"menu_order":0,"comment_status":"closed","ping_status":"closed","template":"","meta":{"footnotes":""},"class_list":["post-22","page","type-page","status-publish","hentry"],"_links":{"self":[{"href":"https:\/\/fondation-besse.de-mots.com\/index.php\/wp-json\/wp\/v2\/pages\/22","targetHints":{"allow":["GET"]}}],"collection":[{"href":"https:\/\/fondation-besse.de-mots.com\/index.php\/wp-json\/wp\/v2\/pages"}],"about":[{"href":"https:\/\/fondation-besse.de-mots.com\/index.php\/wp-json\/wp\/v2\/types\/page"}],"author":[{"embeddable":true,"href":"https:\/\/fondation-besse.de-mots.com\/index.php\/wp-json\/wp\/v2\/users\/1"}],"replies":[{"embeddable":true,"href":"https:\/\/fondation-besse.de-mots.com\/index.php\/wp-json\/wp\/v2\/comments?post=22"}],"version-history":[{"count":134,"href":"https:\/\/fondation-besse.de-mots.com\/index.php\/wp-json\/wp\/v2\/pages\/22\/revisions"}],"predecessor-version":[{"id":1383,"href":"https:\/\/fondation-besse.de-mots.com\/index.php\/wp-json\/wp\/v2\/pages\/22\/revisions\/1383"}],"wp:attachment":[{"href":"https:\/\/fondation-besse.de-mots.com\/index.php\/wp-json\/wp\/v2\/media?parent=22"}],"curies":[{"name":"wp","href":"https:\/\/api.w.org\/{rel}","templated":true}]}}