{"id":3,"date":"2022-08-11T21:39:41","date_gmt":"2022-08-11T19:39:41","guid":{"rendered":"http:\/\/fondation-besse.de-mots.com\/?page_id=3"},"modified":"2023-04-07T10:50:59","modified_gmt":"2023-04-07T08:50:59","slug":"politique-de-confidentialite","status":"publish","type":"page","link":"https:\/\/fondation-besse.de-mots.com\/index.php\/politique-de-confidentialite\/","title":{"rendered":""},"content":{"rendered":"\t\t<div data-elementor-type=\"wp-page\" data-elementor-id=\"3\" class=\"elementor elementor-3\" data-elementor-post-type=\"page\">\n\t\t\t\t\t\t\t\t\t<section class=\"elementor-section elementor-top-section elementor-element elementor-element-da220ff elementor-section-boxed elementor-section-height-default elementor-section-height-default\" data-id=\"da220ff\" data-element_type=\"section\">\n\t\t\t\t\t\t<div class=\"elementor-container elementor-column-gap-default\">\n\t\t\t\t\t<div class=\"elementor-column elementor-col-100 elementor-top-column elementor-element elementor-element-df696b2\" data-id=\"df696b2\" data-element_type=\"column\">\n\t\t\t<div class=\"elementor-widget-wrap elementor-element-populated\">\n\t\t\t\t\t\t\t\t<div class=\"elementor-element elementor-element-356c58e title-section elementor-widget elementor-widget-heading\" data-id=\"356c58e\" data-element_type=\"widget\" data-widget_type=\"heading.default\">\n\t\t\t\t<div class=\"elementor-widget-container\">\n\t\t\t<style>\/*! elementor - v3.14.0 - 26-06-2023 *\/\n.elementor-heading-title{padding:0;margin:0;line-height:1}.elementor-widget-heading .elementor-heading-title[class*=elementor-size-]>a{color:inherit;font-size:inherit;line-height:inherit}.elementor-widget-heading .elementor-heading-title.elementor-size-small{font-size:15px}.elementor-widget-heading .elementor-heading-title.elementor-size-medium{font-size:19px}.elementor-widget-heading .elementor-heading-title.elementor-size-large{font-size:29px}.elementor-widget-heading .elementor-heading-title.elementor-size-xl{font-size:39px}.elementor-widget-heading .elementor-heading-title.elementor-size-xxl{font-size:59px}<\/style><h2 class=\"elementor-heading-title elementor-size-default\">Mentions l\u00e9gales<\/h2>\t\t<\/div>\n\t\t\t\t<\/div>\n\t\t\t\t\t<\/div>\n\t\t<\/div>\n\t\t\t\t\t\t\t<\/div>\n\t\t<\/section>\n\t\t\t\t<section class=\"elementor-section elementor-top-section elementor-element elementor-element-479fa5d elementor-section-boxed elementor-section-height-default elementor-section-height-default\" data-id=\"479fa5d\" data-element_type=\"section\">\n\t\t\t\t\t\t<div class=\"elementor-container elementor-column-gap-default\">\n\t\t\t\t\t<div class=\"elementor-column elementor-col-100 elementor-top-column elementor-element elementor-element-d35fdd4\" data-id=\"d35fdd4\" data-element_type=\"column\">\n\t\t\t<div class=\"elementor-widget-wrap elementor-element-populated\">\n\t\t\t\t\t\t\t\t<div class=\"elementor-element elementor-element-3e763bc1 elementor-widget elementor-widget-text-editor\" data-id=\"3e763bc1\" data-element_type=\"widget\" data-widget_type=\"text-editor.default\">\n\t\t\t\t<div class=\"elementor-widget-container\">\n\t\t\t<style>\/*! elementor - v3.14.0 - 26-06-2023 *\/\n.elementor-widget-text-editor.elementor-drop-cap-view-stacked .elementor-drop-cap{background-color:#69727d;color:#fff}.elementor-widget-text-editor.elementor-drop-cap-view-framed .elementor-drop-cap{color:#69727d;border:3px solid;background-color:transparent}.elementor-widget-text-editor:not(.elementor-drop-cap-view-default) .elementor-drop-cap{margin-top:8px}.elementor-widget-text-editor:not(.elementor-drop-cap-view-default) .elementor-drop-cap-letter{width:1em;height:1em}.elementor-widget-text-editor .elementor-drop-cap{float:left;text-align:center;line-height:1;font-size:50px}.elementor-widget-text-editor .elementor-drop-cap-letter{display:inline-block}<\/style>\t\t\t\t<p><!-- wp:heading --><\/p>\n<p><span style=\"font-size: 1rem;\">Ce site Internet est la propri\u00e9t\u00e9 de la Fondation Georges Besse, qui en assure \u00e9galement la publication.<\/span><\/p>\n<p>\u00a0<\/p>\n<p>Le site Web, sa structure g\u00e9n\u00e9rale, ainsi que les textes, images anim\u00e9es ou non, savoir-faire, dessins, graphismes et tout autre \u00e9l\u00e9ment composant le site, sont la propri\u00e9t\u00e9 exclusive de la Fondation Georges Besse.<\/p>\n<p><strong>Editeur <\/strong><\/p>\n<p>Fondation Georges Besse<\/p>\n<p>125 avenue de Paris<br \/>92320 Ch\u00e2tillon<br \/>Tel: 01 34 96 05 33<\/p>\n<p><a href=\"mailto:secretariat@fondationbesse.com\">secretariat@fondationbesse.com<\/a><\/p>\n<p><strong>\u00a0<\/strong><\/p>\n<p><strong>Directeur de la publication <\/strong><\/p>\n<p>Claude Imauven, Pr\u00e9sident de la FGB<\/p>\n<p><strong>\u00a0<\/strong><\/p>\n<p><strong>H\u00e9bergement<\/strong><\/p>\n<p>IDEALPES<\/p>\n<p>152, rue des Gouverdi\u00e8res<\/p>\n<p>38510 CERYS-MEPIEU<\/p>\n<p><a href=\"mailto:contact@idealpes.com\">contact@idealpes.com<\/a><\/p>\n<p><strong>\u00a0<\/strong><\/p>\n<p><strong>R\u00e9alisation technique et graphisme\u00a0: <\/strong><\/p>\n<p><a href=\"https:\/\/www.atelier-beau-voir.fr\">Atelier Beau\/Voir<\/a><\/p>\n<p>\u00a0<a href=\"mailto:contact@atelier-beau-voir.fr\">contact@atelier-beau-voir.fr<\/a><\/p>\n<p><strong>\u00a0<\/strong><\/p>\n<p><strong><u>PROPRIETE INTELLECTUELLE<\/u><\/strong><\/p>\n<p><strong>\u00a0<\/strong>Le pr\u00e9sent site et chacun des \u00e9l\u00e9ments qui le compose sont la propri\u00e9t\u00e9 exclusive de la Fondation Georges Besse de tiers qui lui ont conc\u00e9d\u00e9 une autorisation d\u2019utilisation.<\/p>\n<p>L\u2019ensemble de ce site est soumis aux dispositions du Code de la Propri\u00e9t\u00e9 Intellectuelle et, \u00e0 ce titre, est prot\u00e9g\u00e9 contre toute utilisation non autoris\u00e9e par la loi.<\/p>\n<p>La reproduction, sur un support papier ou informatique, de tout ou partie du site est autoris\u00e9e sous r\u00e9serve qu&rsquo;elle soit strictement r\u00e9serv\u00e9e \u00e0 un usage personnel, excluant tout usage \u00e0 des fins publicitaires et\/ou commerciales et\/ou d&rsquo;informations, et qu&rsquo;elle soit conforme aux dispositions de l&rsquo;article L122-5 du Code de la Propri\u00e9t\u00e9 Intellectuelle.<\/p>\n<p>\u00c0 l&rsquo;exception de la disposition ci-dessus, toute reproduction, repr\u00e9sentation ou diffusion, par quelque proc\u00e9d\u00e9 que ce soit et sur quelque support que ce soit, de tout ou partie du site, sans avoir obtenu l&rsquo;autorisation pr\u00e9alable de la Fondation Georges Besse, est strictement interdite et constitue un d\u00e9lit de contrefa\u00e7on.<\/p>\n<p>Les marques et logos figurant sur le pr\u00e9sent site sont d\u00e9pos\u00e9s par la Fondation Georges Besse ou par des tiers. Leur reproduction ou utilisation, de quelque sorte, est interdite sous peine de poursuites p\u00e9nales et civiles.<\/p>\n<p>Conform\u00e9ment \u00e0 la Loi 78-17 du 6 janvier 1978, tout utilisateur du site dispose d&rsquo;un droit d&rsquo;acc\u00e8s et de rectification aux donn\u00e9es le concernant, qu&rsquo;il peut exercer directement en ligne ou en \u00e9crivant \u00e0 l&rsquo;adresse <a href=\"mailto:secretariat@fondationbesse.com\">secretariat@fondationbesse.com<\/a><\/p>\n<p><strong>Liens hypertextes\u00a0<\/strong><\/p>\n<p>Le pr\u00e9sent site comporte des liens hypertextes \u00e9tablis en directions d\u2019autres sites qui n\u2019ont pas \u00e9t\u00e9 d\u00e9velopp\u00e9s par la Fondation Georges Besse. Ces liens hypertextes ne sauraient engager la responsabilit\u00e9 de la Fondation Georges Besse, notamment s&rsquo;agissant du contenu de ces sites.<\/p>\n<p>Tout lien vers le pr\u00e9sent site doit faire l\u2019objet d\u2019une autorisation expresse et pr\u00e9alable de la Fondation Georges Besse, laquelle se r\u00e9serve la possibilit\u00e9 de faire supprimer ce lien \u00e0 tout moment.<\/p>\n<p><strong>Confidentialit\u00e9 des courriers \u00e9lectroniques<\/strong><\/p>\n<p>La Fondation Georges Besse informe les utilisateurs que :<\/p>\n<ul>\n<li>Le secret des correspondances transmises par le r\u00e9seau Internet n&rsquo;est pas garanti.<\/li>\n<li>Les courriers \u00e9lectroniques sont conserv\u00e9s sur support informatique le temps pour la Fondation Georges Besse de fournir une r\u00e9ponse.<\/li>\n<\/ul>\n<p><strong>Droit applicable en cas de litige<\/strong><\/p>\n<p>Le pr\u00e9sent site est soumis \u00e0 la loi fran\u00e7aise.<\/p>\n<p><strong>\u00a0<\/strong><strong>\u00a0<\/strong><\/p>\n<p><strong><u>DONNEES PERSONNELLES<\/u><\/strong><\/p>\n<p><strong><u>La finalit\u00e9 du traitement<\/u><\/strong><\/p>\n<p><strong>La Fondation Georges Besse recueille vos donn\u00e9es \u00e0 travers ce site \u00e0 des fins de\u00a0:<\/strong><\/p>\n<ul>\n<li><strong>Gestion de vos dons<\/strong><\/li>\n<li><strong>Gestion de vos demandes<\/strong><\/li>\n<li><strong>Gestion du processus de s\u00e9lection, <\/strong><\/li>\n<li><strong>Gestion de l\u2019information et de la communication<\/strong><\/li>\n<\/ul>\n<p><strong><u>Le fondement du traitement<\/u><\/strong><\/p>\n<p><strong>\u00a0<\/strong><strong><em>La gestion de vos dons<\/em><\/strong><\/p>\n<p>Ce traitement r\u00e9pond \u00e0 une obligation l\u00e9gale en mati\u00e8re d\u2019\u00e9mission de re\u00e7u fiscal.<\/p>\n<p><strong><em>La gestion de vos demandes (formulaires de contact, envoi de brochures et de newsletter, &#8230;)<br \/><\/em><\/strong>Ce traitement rel\u00e8ve de l\u2019int\u00e9r\u00eat l\u00e9gitime poursuivi par la Fondation Georges Besse.<\/p>\n<p><strong><em>La gestion du processus de s\u00e9lection<\/em><\/strong><\/p>\n<p>Ce traitement rel\u00e8ve de l\u2019int\u00e9r\u00eat l\u00e9gitime poursuivi par la Fondation Georges Besse<\/p>\n<p><strong><em>La gestion de l\u2019information et de la communication<\/em><\/strong><\/p>\n<p>Ce traitement rel\u00e8ve de l\u2019int\u00e9r\u00eat l\u00e9gitime poursuivi par la Fondation Georges Besse.<\/p>\n<p><strong>\u00a0<\/strong><\/p>\n<p><strong><u>Destinataires et dur\u00e9e de conservation des donn\u00e9es<\/u><\/strong><\/p>\n<p>Les donn\u00e9es enregistr\u00e9es sont r\u00e9serv\u00e9es \u00e0 l\u2019usage de la Fondation Georges Besse aux seules fins d\u00e9finies ci-avant et sont conserv\u00e9es pour la dur\u00e9e strictement n\u00e9cessaire \u00e0 la r\u00e9alisation des finalit\u00e9s pr\u00e9cit\u00e9es.<\/p>\n<p>\u00a0<\/p>\n<p><strong><u>Droits des personnes concern\u00e9es en fonction du fondement<\/u><\/strong><\/p>\n<p><strong><em>\u00a0<\/em><\/strong><strong><em>Consentement<\/em><\/strong><\/p>\n<p>Conform\u00e9ment au R\u00e8glement europ\u00e9en 2016\/679 du 27 avril 2016 relatif \u00e0 la protection des donn\u00e9es, et \u00e0 la loi Informatique et Libert\u00e9s\u00a0du 06 janvier 1978 modifi\u00e9e, vous pouvez acc\u00e9der aux donn\u00e9es vous concernant et demander leur rectification et leur effacement. Vous disposez \u00e9galement d\u2019un droit \u00e0 la portabilit\u00e9 de vos donn\u00e9es, d\u2019un droit \u00e0 la limitation du traitement de vos donn\u00e9es et du droit d\u2019organiser le sort de vos donn\u00e9es post-mortem.<\/p>\n<p><em>\u00a0<\/em><strong><em>Obligation l\u00e9gale <\/em><\/strong><\/p>\n<p>Conform\u00e9ment au R\u00e8glement europ\u00e9en 2016\/679 du 27 avril 2016 relatif \u00e0 la protection des donn\u00e9es, et \u00e0 la loi Informatique et Libert\u00e9s\u00a0du 06 janvier 1978 modifi\u00e9e, vous pouvez acc\u00e9der aux donn\u00e9es vous concernant et demander leur rectification. Vous disposez \u00e9galement d\u2019un droit de limitation du traitement de vos donn\u00e9es et du droit d\u2019organiser le sort de vos donn\u00e9es post-mortem.<\/p>\n<p><strong><em>Int\u00e9r\u00eat l\u00e9gitime<\/em><\/strong><\/p>\n<p>Conform\u00e9ment au R\u00e8glement europ\u00e9en 2016\/679 du 27 avril 2016 relatif \u00e0 la protection des donn\u00e9es, et \u00e0 la loi Informatique et Libert\u00e9s\u00a0du 06 janvier 1978 modifi\u00e9e, vous disposez d\u2019un droit d\u2019opposition. Vous pouvez aussi acc\u00e9der aux donn\u00e9es vous concernant et demander leur rectification et leur effacement. Vous avez enfin la possibilit\u00e9 d\u2019exercer votre droit \u00e0 la limitation du traitement de vos donn\u00e9es et du droit d\u2019organiser le sort de vos donn\u00e9es post-mortem.<em>\u00a0<\/em><\/p>\n<p><strong>Les donn\u00e9es enregistr\u00e9es sont r\u00e9serv\u00e9es \u00e0 l\u2019usage de la Fondation Georges Besse<\/strong><\/p>\n<p><!-- \/wp:paragraph --><\/p>\t\t\t\t\t\t<\/div>\n\t\t\t\t<\/div>\n\t\t\t\t\t<\/div>\n\t\t<\/div>\n\t\t\t\t\t\t\t<\/div>\n\t\t<\/section>\n\t\t\t\t<section class=\"elementor-section elementor-top-section elementor-element elementor-element-47b39767 form elementor-section-full_width elementor-section-height-default elementor-section-height-default\" data-id=\"47b39767\" data-element_type=\"section\" data-settings=\"{&quot;background_background&quot;:&quot;classic&quot;,&quot;animation&quot;:&quot;none&quot;}\">\n\t\t\t\t\t\t<div class=\"elementor-container elementor-column-gap-default\">\n\t\t\t\t\t<div class=\"elementor-column elementor-col-100 elementor-top-column elementor-element elementor-element-4ee4b56 form-contact animated-fast elementor-invisible\" data-id=\"4ee4b56\" data-element_type=\"column\" data-settings=\"{&quot;animation&quot;:&quot;fadeInRight&quot;}\">\n\t\t\t<div class=\"elementor-widget-wrap elementor-element-populated\">\n\t\t\t\t\t\t\t\t<div class=\"elementor-element elementor-element-6fe76fef elementor-align-center elementor-widget elementor-widget-button\" data-id=\"6fe76fef\" data-element_type=\"widget\" data-widget_type=\"button.default\">\n\t\t\t\t<div class=\"elementor-widget-container\">\n\t\t\t\t\t<div class=\"elementor-button-wrapper\">\n\t\t\t<a class=\"elementor-button elementor-button-link elementor-size-xl\" href=\"#\">\n\t\t\t\t\t\t<span class=\"elementor-button-content-wrapper\">\n\t\t\t\t\t\t<span class=\"elementor-button-text\">Nous contacter<\/span>\n\t\t<\/span>\n\t\t\t\t\t<\/a>\n\t\t<\/div>\n\t\t\t\t<\/div>\n\t\t\t\t<\/div>\n\t\t\t\t\t<\/div>\n\t\t<\/div>\n\t\t\t\t\t\t\t<\/div>\n\t\t<\/section>\n\t\t\t\t\t\t\t<\/div>\n\t\t","protected":false},"excerpt":{"rendered":"<p>Mentions l\u00e9gales Ce site Internet est la propri\u00e9t\u00e9 de la Fondation Georges Besse, qui en assure \u00e9galement la publication. \u00a0 Le site Web, sa structure g\u00e9n\u00e9rale, ainsi que les textes, images anim\u00e9es ou non, savoir-faire, dessins, graphismes et tout autre \u00e9l\u00e9ment composant le site, sont la propri\u00e9t\u00e9 exclusive de la Fondation Georges Besse. Editeur Fondation [&hellip;]<\/p>\n","protected":false},"author":1,"featured_media":0,"parent":0,"menu_order":0,"comment_status":"closed","ping_status":"open","template":"","meta":{"footnotes":""},"class_list":["post-3","page","type-page","status-publish","hentry"],"_links":{"self":[{"href":"https:\/\/fondation-besse.de-mots.com\/index.php\/wp-json\/wp\/v2\/pages\/3","targetHints":{"allow":["GET"]}}],"collection":[{"href":"https:\/\/fondation-besse.de-mots.com\/index.php\/wp-json\/wp\/v2\/pages"}],"about":[{"href":"https:\/\/fondation-besse.de-mots.com\/index.php\/wp-json\/wp\/v2\/types\/page"}],"author":[{"embeddable":true,"href":"https:\/\/fondation-besse.de-mots.com\/index.php\/wp-json\/wp\/v2\/users\/1"}],"replies":[{"embeddable":true,"href":"https:\/\/fondation-besse.de-mots.com\/index.php\/wp-json\/wp\/v2\/comments?post=3"}],"version-history":[{"count":10,"href":"https:\/\/fondation-besse.de-mots.com\/index.php\/wp-json\/wp\/v2\/pages\/3\/revisions"}],"predecessor-version":[{"id":978,"href":"https:\/\/fondation-besse.de-mots.com\/index.php\/wp-json\/wp\/v2\/pages\/3\/revisions\/978"}],"wp:attachment":[{"href":"https:\/\/fondation-besse.de-mots.com\/index.php\/wp-json\/wp\/v2\/media?parent=3"}],"curies":[{"name":"wp","href":"https:\/\/api.w.org\/{rel}","templated":true}]}}